{"id":22,"date":"2019-02-25T19:58:06","date_gmt":"2019-02-25T19:58:06","guid":{"rendered":"https:\/\/juhosankamo.fi\/web\/wordpress\/?page_id=22"},"modified":"2022-03-22T12:51:32","modified_gmt":"2022-03-22T12:51:32","slug":"podcastini","status":"publish","type":"page","link":"https:\/\/juhosankamo.fi\/web\/wordpress\/?page_id=22","title":{"rendered":"Podcastini"},"content":{"rendered":"\n<div class=\"wp-block-image\"><figure class=\"alignleft is-resized\"><img loading=\"lazy\" decoding=\"async\" src=\"https:\/\/rachelcorbett.com.au\/wp-content\/uploads\/2018\/07\/Neon-podcast-logo.jpg\" alt=\"Kuvahaun tulos haulle podcast\" width=\"223\" height=\"178\"\/><\/figure><\/div>\n\n\n\n<p>Paina linkist\u00e4 ja<a href=\"https:\/\/anchor.fm\/juho-sankamo\"> Kuuntele podcastiani Uskon salaisuus vartissa. <\/a><\/p>\n\n\n\n<p>Sielt\u00e4 l\u00f6ytyv\u00e4t my\u00f6s aiemmat RadioDein kautta julkaistut miniraamattuopetukset.<\/p>\n\n\n\n<p><a href=\"https:\/\/fides.katolinen.fi\/katolinen-vartti-radio-ohjelma\/\">Katolinen vartti -ohjelman <\/a>molemmat tuotantokaudet l\u00f6ytyv\u00e4t t\u00e4\u00e4lt\u00e4.<\/p>\n","protected":false},"excerpt":{"rendered":"<p>Paina linkist\u00e4 ja Kuuntele podcastiani Uskon salaisuus vartissa. Sielt\u00e4 l\u00f6ytyv\u00e4t my\u00f6s aiemmat RadioDein kautta julkaistut miniraamattuopetukset. Katolinen vartti -ohjelman molemmat tuotantokaudet l\u00f6ytyv\u00e4t t\u00e4\u00e4lt\u00e4.<\/p>\n","protected":false},"author":1,"featured_media":0,"parent":0,"menu_order":0,"comment_status":"closed","ping_status":"closed","template":"","meta":{"footnotes":""},"class_list":["post-22","page","type-page","status-publish","hentry"],"_links":{"self":[{"href":"https:\/\/juhosankamo.fi\/web\/wordpress\/index.php?rest_route=\/wp\/v2\/pages\/22","targetHints":{"allow":["GET"]}}],"collection":[{"href":"https:\/\/juhosankamo.fi\/web\/wordpress\/index.php?rest_route=\/wp\/v2\/pages"}],"about":[{"href":"https:\/\/juhosankamo.fi\/web\/wordpress\/index.php?rest_route=\/wp\/v2\/types\/page"}],"author":[{"embeddable":true,"href":"https:\/\/juhosankamo.fi\/web\/wordpress\/index.php?rest_route=\/wp\/v2\/users\/1"}],"replies":[{"embeddable":true,"href":"https:\/\/juhosankamo.fi\/web\/wordpress\/index.php?rest_route=%2Fwp%2Fv2%2Fcomments&post=22"}],"version-history":[{"count":10,"href":"https:\/\/juhosankamo.fi\/web\/wordpress\/index.php?rest_route=\/wp\/v2\/pages\/22\/revisions"}],"predecessor-version":[{"id":334,"href":"https:\/\/juhosankamo.fi\/web\/wordpress\/index.php?rest_route=\/wp\/v2\/pages\/22\/revisions\/334"}],"wp:attachment":[{"href":"https:\/\/juhosankamo.fi\/web\/wordpress\/index.php?rest_route=%2Fwp%2Fv2%2Fmedia&parent=22"}],"curies":[{"name":"wp","href":"https:\/\/api.w.org\/{rel}","templated":true}]}}