{"id":21,"date":"2019-02-25T19:58:06","date_gmt":"2019-02-25T19:58:06","guid":{"rendered":"https:\/\/juhosankamo.fi\/web\/wordpress\/?page_id=21"},"modified":"2021-08-16T08:59:48","modified_gmt":"2021-08-16T08:59:48","slug":"juho-sankamo","status":"publish","type":"page","link":"https:\/\/juhosankamo.fi\/web\/wordpress\/?page_id=21","title":{"rendered":"Juho Sankamo"},"content":{"rendered":"\n<div class=\"wp-block-image\"><figure class=\"alignright\"><img decoding=\"async\" src=\"https:\/\/perussanoma.fi\/media\/up\/juhosankamo3-copyweb.jpg\" alt=\"Kuvahaun tulos haulle juho sankamo\"\/><\/figure><\/div>\n\n\n\n<p>Olen ty\u00f6skennellyt tiiviisti raamattuopetuksen parissa jo 15 vuoden ajan. V\u00e4ittelin teologian tohtoriksi raamattututkimuksen alalta vuonna 2012 (Jesus and the Gentiles, \u00c5bo Akademi).  Olen my\u00f6s kirjoittanut viisi kirjaa. <\/p>\n\n\n\n<p><a href=\"https:\/\/anchor.fm\/juho-sankamo\">Podcast-kanavaltani<\/a> voi kuunnella lyhyit\u00e4 opetuksiani.  <\/p>\n\n\n\n<p>T\u00e4ll\u00e4 hetkell\u00e4 valmistelen nuorille suunnattua kirjaa, joka johdattaa lukijansa arkeologisiin seikkailuihin. Sen ty\u00f6nimen\u00e4 on <em>Faaraon syd\u00e4n puntarilla<\/em>. <\/p>\n\n\n\n<div class=\"wp-block-image\"><figure class=\"alignleft is-resized\"><img loading=\"lazy\" decoding=\"async\" src=\"https:\/\/juhosankamo.fi\/web\/wordpress\/wp-content\/uploads\/2021\/07\/Usbin-selfie.png\" alt=\"\" class=\"wp-image-204\" width=\"225\" height=\"400\"\/><\/figure><\/div>\n\n\n\n<p>Minut tavoittaa parhaiten puhelimella (040 6712 145) ja s\u00e4hk\u00f6postilla (<a href=\"mailto:juho.sankamo@gmail.com\">juho.sankamo@gmail.com<\/a>). <\/p>\n\n\n\n<p>Juho Sankamo, TT<\/p>\n","protected":false},"excerpt":{"rendered":"<p>Olen ty\u00f6skennellyt tiiviisti raamattuopetuksen parissa jo 15 vuoden ajan. V\u00e4ittelin teologian tohtoriksi raamattututkimuksen alalta vuonna 2012 (Jesus and the Gentiles, \u00c5bo Akademi). Olen my\u00f6s kirjoittanut viisi kirjaa. Podcast-kanavaltani voi kuunnella lyhyit\u00e4 opetuksiani. T\u00e4ll\u00e4 hetkell\u00e4 valmistelen nuorille suunnattua kirjaa, joka johdattaa lukijansa arkeologisiin seikkailuihin. Sen ty\u00f6nimen\u00e4 on Faaraon syd\u00e4n puntarilla. Minut tavoittaa parhaiten puhelimella (040 6712 &hellip; <a href=\"https:\/\/juhosankamo.fi\/web\/wordpress\/?page_id=21\" class=\"more-link\">Continue reading<span class=\"screen-reader-text\"> &#8220;Juho Sankamo&#8221;<\/span><\/a><\/p>\n","protected":false},"author":1,"featured_media":0,"parent":0,"menu_order":0,"comment_status":"closed","ping_status":"closed","template":"","meta":{"footnotes":""},"class_list":["post-21","page","type-page","status-publish","hentry"],"_links":{"self":[{"href":"https:\/\/juhosankamo.fi\/web\/wordpress\/index.php?rest_route=\/wp\/v2\/pages\/21","targetHints":{"allow":["GET"]}}],"collection":[{"href":"https:\/\/juhosankamo.fi\/web\/wordpress\/index.php?rest_route=\/wp\/v2\/pages"}],"about":[{"href":"https:\/\/juhosankamo.fi\/web\/wordpress\/index.php?rest_route=\/wp\/v2\/types\/page"}],"author":[{"embeddable":true,"href":"https:\/\/juhosankamo.fi\/web\/wordpress\/index.php?rest_route=\/wp\/v2\/users\/1"}],"replies":[{"embeddable":true,"href":"https:\/\/juhosankamo.fi\/web\/wordpress\/index.php?rest_route=%2Fwp%2Fv2%2Fcomments&post=21"}],"version-history":[{"count":14,"href":"https:\/\/juhosankamo.fi\/web\/wordpress\/index.php?rest_route=\/wp\/v2\/pages\/21\/revisions"}],"predecessor-version":[{"id":222,"href":"https:\/\/juhosankamo.fi\/web\/wordpress\/index.php?rest_route=\/wp\/v2\/pages\/21\/revisions\/222"}],"wp:attachment":[{"href":"https:\/\/juhosankamo.fi\/web\/wordpress\/index.php?rest_route=%2Fwp%2Fv2%2Fmedia&parent=21"}],"curies":[{"name":"wp","href":"https:\/\/api.w.org\/{rel}","templated":true}]}}