{"id":190,"date":"2021-07-22T12:17:11","date_gmt":"2021-07-22T12:17:11","guid":{"rendered":"https:\/\/juhosankamo.fi\/web\/wordpress\/?page_id=190"},"modified":"2022-01-12T18:21:16","modified_gmt":"2022-01-12T18:21:16","slug":"alkukirkko-webinaari","status":"publish","type":"page","link":"https:\/\/juhosankamo.fi\/web\/wordpress\/?page_id=190","title":{"rendered":"Indy &#8211; arkeologian salat"},"content":{"rendered":"\n<div class=\"wp-block-image\"><figure class=\"alignright size-full is-resized\"><img loading=\"lazy\" decoding=\"async\" src=\"https:\/\/juhosankamo.fi\/web\/wordpress\/wp-content\/uploads\/2021\/07\/JuhoUsbi2-skaalattu.jpg\" alt=\"\" class=\"wp-image-209\" width=\"320\" height=\"331\"\/><figcaption>Usbi ja Juho. (c) Carita Sankamo<\/figcaption><\/figure><\/div>\n\n\n\n<p>Olen pit\u00e4nyt kouluissa, perhe- ja nuorisoleireill\u00e4, senioritilaisuuksissa ja ripareilla opetuskeikkoja otsikolla \u201dIndiana Jonesin johdatus arkeologiaan&#8221;. Siin\u00e4 tutustutaan arkeologian hulppeimpiin l\u00f6yt\u00f6ihin, kuten Egyptin pyramideihin, Kiinan Terrakotta-armeijaan 200-luvulta eKr., Euran em\u00e4nt\u00e4\u00e4n, ja Jerusalemin kuningaskauden hautaluoliin. Indi-luento on kehitelty Koulun Opetussuunnitelman vaatimuksia silm\u00e4ll\u00e4 pit\u00e4en, ja reippaasti my\u00f6s pilkett\u00e4 silm\u00e4kulmassa.<\/p>\n\n\n\n<p>T\u00e4ss\u00e4 linkki <a href=\"https:\/\/www.seurakuntalainen.fi\/uutiset\/indiana-jonesin-seikkailut-opettavat-koululaisille-raamatun-historiaa\/\">artikkeliin Indi-keikoista<\/a>.<\/p>\n\n\n\n<p><strong>Palaute koululaisilta, Paattisten koulu 2020:<\/strong><\/p>\n\n\n\n<ul class=\"wp-block-list\"><li>&#8220;Esitys Indiana Jones , oli tosi kiinnostava ja aika meni nopsaan!&#8221; Oppilas 6lk.<\/li><li>&#8220;Haluaisin kuulla asiat uudelleenkin ! Tykk\u00e4sin!&#8221; Oppilas 5 lk.<\/li><li>&#8220;Kertoja kertoi el\u00e4v\u00e4sti tarinaa ja historiaa.&#8221; Oppilas 5-6 lk.<\/li><li>&#8220;Oli kiva kuulla tarinaa Terrakotta-armeijasta,kun se oli jo v\u00e4h\u00e4n tuttua hissan tunnilta.&#8221; Oppilas 6lk.<\/li><li>&#8220;Esiintyj\u00e4 Juho Sankamo oli tosi hyv\u00e4 kertomaan meille menneit\u00e4 juttuja! Plussaa hatusta!&#8221; Oppilas 5-6 lk.<\/li><li>&#8220;Nautin joka hetkest\u00e4! Kyll\u00e4 sinua kehuttiin, hyv\u00e4 Juho ja Indiana!&#8221; Oppilas 6lk.<\/li><\/ul>\n","protected":false},"excerpt":{"rendered":"<p>Olen pit\u00e4nyt kouluissa, perhe- ja nuorisoleireill\u00e4, senioritilaisuuksissa ja ripareilla opetuskeikkoja otsikolla \u201dIndiana Jonesin johdatus arkeologiaan&#8221;. Siin\u00e4 tutustutaan arkeologian hulppeimpiin l\u00f6yt\u00f6ihin, kuten Egyptin pyramideihin, Kiinan Terrakotta-armeijaan 200-luvulta eKr., Euran em\u00e4nt\u00e4\u00e4n, ja Jerusalemin kuningaskauden hautaluoliin. Indi-luento on kehitelty Koulun Opetussuunnitelman vaatimuksia silm\u00e4ll\u00e4 pit\u00e4en, ja reippaasti my\u00f6s pilkett\u00e4 silm\u00e4kulmassa. T\u00e4ss\u00e4 linkki artikkeliin Indi-keikoista. Palaute koululaisilta, Paattisten koulu 2020: &hellip; <a href=\"https:\/\/juhosankamo.fi\/web\/wordpress\/?page_id=190\" class=\"more-link\">Continue reading<span class=\"screen-reader-text\"> &#8220;Indy &#8211; arkeologian salat&#8221;<\/span><\/a><\/p>\n","protected":false},"author":1,"featured_media":0,"parent":0,"menu_order":0,"comment_status":"closed","ping_status":"closed","template":"","meta":{"footnotes":""},"class_list":["post-190","page","type-page","status-publish","hentry"],"_links":{"self":[{"href":"https:\/\/juhosankamo.fi\/web\/wordpress\/index.php?rest_route=\/wp\/v2\/pages\/190","targetHints":{"allow":["GET"]}}],"collection":[{"href":"https:\/\/juhosankamo.fi\/web\/wordpress\/index.php?rest_route=\/wp\/v2\/pages"}],"about":[{"href":"https:\/\/juhosankamo.fi\/web\/wordpress\/index.php?rest_route=\/wp\/v2\/types\/page"}],"author":[{"embeddable":true,"href":"https:\/\/juhosankamo.fi\/web\/wordpress\/index.php?rest_route=\/wp\/v2\/users\/1"}],"replies":[{"embeddable":true,"href":"https:\/\/juhosankamo.fi\/web\/wordpress\/index.php?rest_route=%2Fwp%2Fv2%2Fcomments&post=190"}],"version-history":[{"count":10,"href":"https:\/\/juhosankamo.fi\/web\/wordpress\/index.php?rest_route=\/wp\/v2\/pages\/190\/revisions"}],"predecessor-version":[{"id":294,"href":"https:\/\/juhosankamo.fi\/web\/wordpress\/index.php?rest_route=\/wp\/v2\/pages\/190\/revisions\/294"}],"wp:attachment":[{"href":"https:\/\/juhosankamo.fi\/web\/wordpress\/index.php?rest_route=%2Fwp%2Fv2%2Fmedia&parent=190"}],"curies":[{"name":"wp","href":"https:\/\/api.w.org\/{rel}","templated":true}]}}